{"id":1327,"date":"2023-02-17T09:34:38","date_gmt":"2023-02-17T08:34:38","guid":{"rendered":"https:\/\/www.campvelo.cz\/contact\/"},"modified":"2026-02-28T20:24:22","modified_gmt":"2026-02-28T19:24:22","slug":"contact","status":"publish","type":"page","link":"https:\/\/www.campvelo.cz\/nl\/contact\/","title":{"rendered":"Contact"},"content":{"rendered":"\t\t<div data-elementor-type=\"wp-page\" data-elementor-id=\"1327\" class=\"elementor elementor-1327 elementor-45\" data-elementor-post-type=\"page\">\n\t\t\t\t\t\t<section class=\"elementor-section elementor-top-section elementor-element elementor-element-bf4a1fe elementor-section-boxed elementor-section-height-default elementor-section-height-default\" data-id=\"bf4a1fe\" data-element_type=\"section\" data-e-type=\"section\" data-settings=\"{&quot;background_background&quot;:&quot;classic&quot;}\">\n\t\t\t\t\t\t<div class=\"elementor-container elementor-column-gap-default\">\n\t\t\t\t\t<div class=\"elementor-column elementor-col-33 elementor-top-column elementor-element elementor-element-e7ea55f\" data-id=\"e7ea55f\" data-element_type=\"column\" data-e-type=\"column\">\n\t\t\t<div class=\"elementor-widget-wrap elementor-element-populated\">\n\t\t\t\t\t\t<div class=\"elementor-element elementor-element-a936f84 elementor-widget elementor-widget-text-editor\" data-id=\"a936f84\" data-element_type=\"widget\" data-e-type=\"widget\" data-widget_type=\"text-editor.default\">\n\t\t\t\t<div class=\"elementor-widget-container\">\n\t\t\t\t\t\t\t\t\t<p>CAMP VELO s.r.o.<\/p>\n<p>Tel: <a href=\"tel:+420604238925\">+420 604 238 925<\/a><\/p>\n<p>E-mailadres: <a href=\"mailto:info@campvelo.cz\">info@campvelo.cz<\/a><\/p>\n<p>Vrat\u011bn\u00edn 92<br \/>671 07 Vrat\u011bn\u00edn<\/p>\n<p><a href=\"https:\/\/goo.gl\/maps\/TUmwYAdfEJJxtzv16\">48.9008289N, 15.6077058E<\/a><\/p>\n<p>48\u00b054&#8217;2.984&#8243;N, 15\u00b036&#8217;27.741&#8243;E<\/p>\n<p>Comp. ID: 18041256<\/p>\n\t\t\t\t\t\t\t\t<\/div>\n\t\t\t\t<\/div>\n\t\t\t\t\t<\/div>\n\t\t<\/div>\n\t\t\t\t<div class=\"elementor-column elementor-col-33 elementor-top-column elementor-element elementor-element-2703ae1\" data-id=\"2703ae1\" data-element_type=\"column\" data-e-type=\"column\">\n\t\t\t<div class=\"elementor-widget-wrap elementor-element-populated\">\n\t\t\t\t\t\t<div class=\"elementor-element elementor-element-e47586e elementor-widget elementor-widget-image\" data-id=\"e47586e\" data-element_type=\"widget\" data-e-type=\"widget\" data-widget_type=\"image.default\">\n\t\t\t\t<div class=\"elementor-widget-container\">\n\t\t\t\t\t\t\t\t\t\t\t\t\t\t\t\t<a href=\"https:\/\/www.campvelo.cz\/wp-content\/uploads\/2026\/02\/mapa-camp.png\" data-elementor-open-lightbox=\"yes\" data-elementor-lightbox-title=\"mapa-camp\" data-e-action-hash=\"#elementor-action%3Aaction%3Dlightbox%26settings%3DeyJpZCI6MTU4NSwidXJsIjoiaHR0cHM6XC9cL3d3dy5jYW1wdmVsby5jelwvd3AtY29udGVudFwvdXBsb2Fkc1wvMjAyNlwvMDJcL21hcGEtY2FtcC5wbmcifQ%3D%3D\">\n\t\t\t\t\t\t\t<img fetchpriority=\"high\" decoding=\"async\" width=\"768\" height=\"544\" src=\"https:\/\/www.campvelo.cz\/wp-content\/uploads\/2026\/02\/mapa-camp-768x544.png\" class=\"attachment-medium_large size-medium_large wp-image-1585\" alt=\"\" srcset=\"https:\/\/www.campvelo.cz\/wp-content\/uploads\/2026\/02\/mapa-camp-768x544.png 768w, https:\/\/www.campvelo.cz\/wp-content\/uploads\/2026\/02\/mapa-camp-300x212.png 300w, https:\/\/www.campvelo.cz\/wp-content\/uploads\/2026\/02\/mapa-camp.png 842w\" sizes=\"(max-width: 768px) 100vw, 768px\" \/>\t\t\t\t\t\t\t\t<\/a>\n\t\t\t\t\t\t\t\t\t\t\t\t\t\t\t<\/div>\n\t\t\t\t<\/div>\n\t\t\t\t\t<\/div>\n\t\t<\/div>\n\t\t\t\t<div class=\"elementor-column elementor-col-33 elementor-top-column elementor-element elementor-element-c893b4d\" data-id=\"c893b4d\" data-element_type=\"column\" data-e-type=\"column\">\n\t\t\t<div class=\"elementor-widget-wrap elementor-element-populated\">\n\t\t\t\t\t\t<div class=\"elementor-element elementor-element-97bf451 elementor-widget elementor-widget-image\" data-id=\"97bf451\" data-element_type=\"widget\" data-e-type=\"widget\" data-widget_type=\"image.default\">\n\t\t\t\t<div class=\"elementor-widget-container\">\n\t\t\t\t\t\t\t\t\t\t\t\t\t\t\t<img decoding=\"async\" width=\"214\" height=\"214\" src=\"https:\/\/www.campvelo.cz\/wp-content\/uploads\/2023\/02\/qrcode.png\" class=\"attachment-large size-large wp-image-338\" alt=\"\" srcset=\"https:\/\/www.campvelo.cz\/wp-content\/uploads\/2023\/02\/qrcode.png 214w, https:\/\/www.campvelo.cz\/wp-content\/uploads\/2023\/02\/qrcode-150x150.png 150w\" sizes=\"(max-width: 214px) 100vw, 214px\" \/>\t\t\t\t\t\t\t\t\t\t\t\t\t\t\t<\/div>\n\t\t\t\t<\/div>\n\t\t\t\t\t<\/div>\n\t\t<\/div>\n\t\t\t\t\t<\/div>\n\t\t<\/section>\n\t\t\t\t<section class=\"elementor-section elementor-top-section elementor-element elementor-element-3086c32 elementor-section-boxed elementor-section-height-default elementor-section-height-default\" data-id=\"3086c32\" data-element_type=\"section\" data-e-type=\"section\" data-settings=\"{&quot;background_background&quot;:&quot;classic&quot;}\">\n\t\t\t\t\t\t<div class=\"elementor-container elementor-column-gap-default\">\n\t\t\t\t\t<div class=\"elementor-column elementor-col-100 elementor-top-column elementor-element elementor-element-c045bde\" data-id=\"c045bde\" data-element_type=\"column\" data-e-type=\"column\">\n\t\t\t<div class=\"elementor-widget-wrap elementor-element-populated\">\n\t\t\t\t\t\t<div class=\"elementor-element elementor-element-2790217 elementor-widget elementor-widget-html\" data-id=\"2790217\" data-element_type=\"widget\" data-e-type=\"widget\" data-widget_type=\"html.default\">\n\t\t\t\t<div class=\"elementor-widget-container\">\n\t\t\t\t\t<iframe style=\"border:none\" src=\"https:\/\/frame.mapy.cz\/s\/buzobazulu\" width=\"800\" height=\"500\" frameborder=\"0\"><\/iframe>\t\t\t\t<\/div>\n\t\t\t\t<\/div>\n\t\t\t\t\t<\/div>\n\t\t<\/div>\n\t\t\t\t\t<\/div>\n\t\t<\/section>\n\t\t\t\t<\/div>\n\t\t","protected":false},"excerpt":{"rendered":"<p>CAMP VELO s.r.o. Tel: +420 604 238 925 E-mailadres: info@campvelo.cz Vrat\u011bn\u00edn 92671 07 Vrat\u011bn\u00edn 48.9008289N, 15.6077058E 48\u00b054&#8217;2.984&#8243;N, 15\u00b036&#8217;27.741&#8243;E Comp. ID: 18041256<\/p>\n","protected":false},"author":1,"featured_media":0,"parent":0,"menu_order":0,"comment_status":"closed","ping_status":"closed","template":"","meta":{"_acf_changed":false,"footnotes":""},"class_list":["post-1327","page","type-page","status-publish","hentry"],"acf":[],"_links":{"self":[{"href":"https:\/\/www.campvelo.cz\/nl\/wp-json\/wp\/v2\/pages\/1327","targetHints":{"allow":["GET"]}}],"collection":[{"href":"https:\/\/www.campvelo.cz\/nl\/wp-json\/wp\/v2\/pages"}],"about":[{"href":"https:\/\/www.campvelo.cz\/nl\/wp-json\/wp\/v2\/types\/page"}],"author":[{"embeddable":true,"href":"https:\/\/www.campvelo.cz\/nl\/wp-json\/wp\/v2\/users\/1"}],"replies":[{"embeddable":true,"href":"https:\/\/www.campvelo.cz\/nl\/wp-json\/wp\/v2\/comments?post=1327"}],"version-history":[{"count":4,"href":"https:\/\/www.campvelo.cz\/nl\/wp-json\/wp\/v2\/pages\/1327\/revisions"}],"predecessor-version":[{"id":1603,"href":"https:\/\/www.campvelo.cz\/nl\/wp-json\/wp\/v2\/pages\/1327\/revisions\/1603"}],"wp:attachment":[{"href":"https:\/\/www.campvelo.cz\/nl\/wp-json\/wp\/v2\/media?parent=1327"}],"curies":[{"name":"wp","href":"https:\/\/api.w.org\/{rel}","templated":true}]}}