{"id":1298,"date":"2023-02-19T11:16:04","date_gmt":"2023-02-19T10:16:04","guid":{"rendered":"https:\/\/www.campvelo.cz\/home\/"},"modified":"2025-04-03T15:32:59","modified_gmt":"2025-04-03T13:32:59","slug":"home","status":"publish","type":"page","link":"https:\/\/www.campvelo.cz\/fr\/","title":{"rendered":"Home"},"content":{"rendered":"\t\t<div data-elementor-type=\"wp-page\" data-elementor-id=\"1298\" class=\"elementor elementor-1298 elementor-361\" data-elementor-post-type=\"page\">\n\t\t\t\t\t\t<section class=\"elementor-section elementor-top-section elementor-element elementor-element-0b8c83e elementor-section-boxed elementor-section-height-default elementor-section-height-default\" data-id=\"0b8c83e\" data-element_type=\"section\" data-e-type=\"section\" data-settings=\"{&quot;background_background&quot;:&quot;classic&quot;}\">\n\t\t\t\t\t\t<div class=\"elementor-container elementor-column-gap-default\">\n\t\t\t\t\t<div class=\"elementor-column elementor-col-50 elementor-top-column elementor-element elementor-element-795e163\" data-id=\"795e163\" data-element_type=\"column\" data-e-type=\"column\">\n\t\t\t<div class=\"elementor-widget-wrap elementor-element-populated\">\n\t\t\t\t\t\t<div class=\"elementor-element elementor-element-803bcd2 elementor-widget elementor-widget-text-editor\" data-id=\"803bcd2\" data-element_type=\"widget\" data-e-type=\"widget\" data-widget_type=\"text-editor.default\">\n\t\t\t\t<div class=\"elementor-widget-container\">\n\t\t\t\t\t\t\t\t\t<p>Nous vous souhaitons la bienvenue dans notre nouveau camping familial, con\u00e7u pour les loisirs ou simplement pour une nuit\u00e9e pour les cyclistes ou motocyclistes en voyage. Il y a beaucoup d&rsquo;espace pour les voyageurs avec une petite tente, des tentes plus grandes pour les vacances en famille, des caravanes et des camping-cars.<\/p>\n\t\t\t\t\t\t\t\t<\/div>\n\t\t\t\t<\/div>\n\t\t\t\t\t<\/div>\n\t\t<\/div>\n\t\t\t\t<div class=\"elementor-column elementor-col-50 elementor-top-column elementor-element elementor-element-0d5587c\" data-id=\"0d5587c\" data-element_type=\"column\" data-e-type=\"column\">\n\t\t\t<div class=\"elementor-widget-wrap elementor-element-populated\">\n\t\t\t\t\t\t<div class=\"elementor-element elementor-element-e9fde37 elementor-widget elementor-widget-video\" data-id=\"e9fde37\" data-element_type=\"widget\" data-e-type=\"widget\" data-settings=\"{&quot;video_type&quot;:&quot;hosted&quot;,&quot;autoplay&quot;:&quot;yes&quot;,&quot;play_on_mobile&quot;:&quot;yes&quot;,&quot;loop&quot;:&quot;yes&quot;,&quot;show_image_overlay&quot;:&quot;yes&quot;,&quot;image_overlay&quot;:{&quot;url&quot;:&quot;https:\\\/\\\/www.campvelo.cz\\\/wp-content\\\/uploads\\\/2025\\\/04\\\/uvodni-banner-2.jpg&quot;,&quot;id&quot;:1376,&quot;size&quot;:&quot;&quot;,&quot;alt&quot;:&quot;&quot;,&quot;source&quot;:&quot;library&quot;},&quot;controls&quot;:&quot;yes&quot;}\" data-widget_type=\"video.default\">\n\t\t\t\t<div class=\"elementor-widget-container\">\n\t\t\t\t\t\t\t<div class=\"e-hosted-video elementor-wrapper elementor-open-inline\">\n\t\t\t\t\t<video class=\"elementor-video\" src=\"https:\/\/www.campvelo.cz\/wp-content\/uploads\/2024\/04\/campvelo720.mp4\" autoplay=\"\" loop=\"\" controls=\"\" playsinline=\"\" controlsList=\"nodownload\"><\/video>\n\t\t\t\t\t\t<div class=\"elementor-custom-embed-image-overlay\" style=\"background-image: url(https:\/\/www.campvelo.cz\/wp-content\/uploads\/2025\/04\/uvodni-banner-2.jpg);\">\n\t\t\t\t\t\t\t\t\t\t\t\t\t\t\t\t<div class=\"elementor-custom-embed-play\" role=\"button\" aria-label=\"Lire la vid\u00e9o\" tabindex=\"0\">\n\t\t\t\t\t\t\t<i aria-hidden=\"true\" class=\"eicon-play\"><\/i>\t\t\t\t\t\t<\/div>\n\t\t\t\t\t\t\t\t\t<\/div>\n\t\t\t\t\t<\/div>\n\t\t\t\t\t\t<\/div>\n\t\t\t\t<\/div>\n\t\t\t\t\t<\/div>\n\t\t<\/div>\n\t\t\t\t\t<\/div>\n\t\t<\/section>\n\t\t\t\t<section class=\"elementor-section elementor-top-section elementor-element elementor-element-8673d22 elementor-section-boxed elementor-section-height-default elementor-section-height-default\" data-id=\"8673d22\" data-element_type=\"section\" data-e-type=\"section\">\n\t\t\t\t\t\t<div class=\"elementor-container elementor-column-gap-default\">\n\t\t\t\t\t<div class=\"elementor-column elementor-col-100 elementor-top-column elementor-element elementor-element-f4e3f04\" data-id=\"f4e3f04\" data-element_type=\"column\" data-e-type=\"column\">\n\t\t\t<div class=\"elementor-widget-wrap elementor-element-populated\">\n\t\t\t\t\t\t<div class=\"elementor-element elementor-element-f296d36 elementor-widget elementor-widget-text-editor\" data-id=\"f296d36\" data-element_type=\"widget\" data-e-type=\"widget\" data-widget_type=\"text-editor.default\">\n\t\t\t\t<div class=\"elementor-widget-container\">\n\t\t\t\t\t\t\t\t\t<p>Vous y trouverez des sanitaires propres, une cuisine, des branchements \u00e9lectriques, un local \u00e0 v\u00e9los, une d\u00e9charge de r\u00e9servoirs de camping-cars ainsi qu\u2019une d\u00e9charge pour leur d\u00e9chets sanitaires et des sanitaires pour personnes \u00e0 mobilit\u00e9 r\u00e9duite.<\/p>\n<p>Mon mari et moi avons construit le camping sur un ancien complexe militaire situ\u00e9 dans un endroit magnifique sur l&rsquo;ancien rideau de fer. L\u2019isolation autour du rideau de fer a bien pr\u00e9serv\u00e9 le calme et la beaut\u00e9 du paysage environnante. Il se trouve sur la piste cyclable <a href=\"https:\/\/mapy.cz\/s\/gekugoduzu\" target=\"_blank\" rel=\"noopener\">5220<\/a>, <a href=\"https:\/\/en.eurovelo.com\/ev13\" target=\"_blank\" rel=\"noopener\">EUROVELO13<\/a>, <a href=\"https:\/\/www.prahaviden.cz\/\" target=\"_blank\" rel=\"noopener\">GreenWays Prague-Vienne<\/a>, <a href=\"https:\/\/mapy.cz\/s\/mamegalago\" target=\"_blank\" rel=\"noopener\">piste cyclable de Vranov<\/a>. En outre, il existe de nombreuses routes \u00e0 signalisation (routes pav\u00e9es pour les anciens gardes-fronti\u00e8res) qui peuvent \u00eatre emprunt\u00e9es pour faire du v\u00e9lo.<\/p>\n<p>La baignade est possible dans l&rsquo;\u00e9tang \u00e0 proximit\u00e9 du camping, ou dans la rivi\u00e8re Dyje \u00e0 3 km, et enfin au barrage de Vranov.<\/p>\n<p>Les amateurs de randonn\u00e9e trouveront \u00e9galement leur bonheur. Il existe un agr\u00e9able sentier de randonn\u00e9e <a href=\"https:\/\/grasel.eu\/graselova-stezka-vratenin\/\" target=\"_blank\" rel=\"noopener\">Grasel Vrat\u011bn\u00edn<\/a> qui traverse la r\u00e9serve naturelle de B\u00edl\u00fd k\u0159\u00ed\u017e le long de la rivi\u00e8re Dyje. Les amateurs d&rsquo;histoire peuvent visiter <a href=\"https:\/\/www.vratenin.cz\/mestys\/pamatky-vylety\/\">la ville pittoresque de Vrat\u011bn\u00edn<\/a> , le ch\u00e2teau voisin d&rsquo;Uher\u010dice, Vranov nad Dyj\u00ed, le ch\u00e2teau de B\u00edtov, les ruines du ch\u00e2teau de Corn\u0161tejn, la ville voisine de Drosendorf, Slavonice&#8230;<\/p>\n<p>Pour les excursions ou les balades, il sera possible de louer un <a href=\"http:\/\/www.pony4.bike\">PONY4<\/a>, un v\u00e9lo \u00e0 4 roues avec ou sans assistance \u00e9lectrique.  <\/p>\n\t\t\t\t\t\t\t\t<\/div>\n\t\t\t\t<\/div>\n\t\t\t\t<div class=\"elementor-element elementor-element-2efb2e4 elementor-widget elementor-widget-heading\" data-id=\"2efb2e4\" data-element_type=\"widget\" data-e-type=\"widget\" data-widget_type=\"heading.default\">\n\t\t\t\t<div class=\"elementor-widget-container\">\n\t\t\t\t\t<h4 class=\"elementor-heading-title elementor-size-default\">Alimentation<\/h4>\t\t\t\t<\/div>\n\t\t\t\t<\/div>\n\t\t\t\t<div class=\"elementor-element elementor-element-0c5a755 elementor-widget elementor-widget-text-editor\" data-id=\"0c5a755\" data-element_type=\"widget\" data-e-type=\"widget\" data-widget_type=\"text-editor.default\">\n\t\t\t\t<div class=\"elementor-widget-container\">\n\t\t\t\t\t\t\t\t\t<p>Du pain frais peut \u00eatre command\u00e9 pour le petit-d\u00e9jeuner au camping. Nous ouvrons un bistro le soir.<\/p>\n<p>Une plus large gamme de produits alimentaires et de produits de premi\u00e8re n\u00e9cessit\u00e9 peut \u00eatre achet\u00e9e au magasin de Vrat\u011bn\u00edn, et pour un d\u00e9jeuner ou un d\u00eener copieux, vous pouvez vous rendre \u00e0 Uher\u010dice ou \u00e0 Drosendorf, situ\u00e9s \u00e0 proximit\u00e9.<\/p>\n\t\t\t\t\t\t\t\t<\/div>\n\t\t\t\t<\/div>\n\t\t\t\t\t<\/div>\n\t\t<\/div>\n\t\t\t\t\t<\/div>\n\t\t<\/section>\n\t\t\t\t<section class=\"elementor-section elementor-top-section elementor-element elementor-element-93e6932 elementor-section-boxed elementor-section-height-default elementor-section-height-default\" data-id=\"93e6932\" data-element_type=\"section\" data-e-type=\"section\">\n\t\t\t\t\t\t<div class=\"elementor-container elementor-column-gap-default\">\n\t\t\t\t\t<div class=\"elementor-column elementor-col-100 elementor-top-column elementor-element elementor-element-59dd9a8\" data-id=\"59dd9a8\" data-element_type=\"column\" data-e-type=\"column\">\n\t\t\t<div class=\"elementor-widget-wrap elementor-element-populated\">\n\t\t\t\t\t\t<div class=\"elementor-element elementor-element-a542357 elementor-arrows-position-inside elementor-pagination-position-outside elementor-widget elementor-widget-image-carousel\" data-id=\"a542357\" data-element_type=\"widget\" data-e-type=\"widget\" data-settings=\"{&quot;slides_to_show&quot;:&quot;8&quot;,&quot;slides_to_scroll&quot;:&quot;4&quot;,&quot;navigation&quot;:&quot;both&quot;,&quot;autoplay&quot;:&quot;yes&quot;,&quot;pause_on_hover&quot;:&quot;yes&quot;,&quot;pause_on_interaction&quot;:&quot;yes&quot;,&quot;autoplay_speed&quot;:5000,&quot;infinite&quot;:&quot;yes&quot;,&quot;speed&quot;:500}\" data-widget_type=\"image-carousel.default\">\n\t\t\t\t<div class=\"elementor-widget-container\">\n\t\t\t\t\t\t\t<div class=\"elementor-image-carousel-wrapper swiper\" role=\"region\" aria-roledescription=\"carousel\" aria-label=\"Obr\u00e1zkov\u00fd koloto\u010d\" dir=\"ltr\">\n\t\t\t<div class=\"elementor-image-carousel swiper-wrapper swiper-image-stretch\" aria-live=\"off\">\n\t\t\t\t\t\t\t\t<div class=\"swiper-slide\" role=\"group\" aria-roledescription=\"slide\" aria-label=\"1 sur 18\"><figure class=\"swiper-slide-inner\"><img decoding=\"async\" class=\"swiper-slide-image\" src=\"https:\/\/www.campvelo.cz\/wp-content\/uploads\/elementor\/thumbs\/camp3-q2dzugfoplczca80t26s72yxqcygda01as6du2p4u0.jpg\" alt=\"camp3\" \/><\/figure><\/div><div class=\"swiper-slide\" role=\"group\" aria-roledescription=\"slide\" aria-label=\"2 sur 18\"><figure class=\"swiper-slide-inner\"><img decoding=\"async\" class=\"swiper-slide-image\" src=\"https:\/\/www.campvelo.cz\/wp-content\/uploads\/elementor\/thumbs\/camp2-q2dzuj97a3gub43xclenwk9biikk0db8b64u9wkybc.jpg\" alt=\"camp2\" \/><\/figure><\/div><div class=\"swiper-slide\" role=\"group\" aria-roledescription=\"slide\" aria-label=\"3 sur 18\"><figure class=\"swiper-slide-inner\"><img decoding=\"async\" class=\"swiper-slide-image\" src=\"https:\/\/www.campvelo.cz\/wp-content\/uploads\/elementor\/thumbs\/obr1-q2dzum2pulkp9xztw4mjm1jpao6nngmfbk3apqgrso.jpg\" alt=\"obr1\" \/><\/figure><\/div><div class=\"swiper-slide\" role=\"group\" aria-roledescription=\"slide\" aria-label=\"4 sur 18\"><figure class=\"swiper-slide-inner\"><img decoding=\"async\" class=\"swiper-slide-image\" src=\"https:\/\/www.campvelo.cz\/wp-content\/uploads\/elementor\/thumbs\/camp4-q2dzudm65394dgc49iywhlojy7ccq6ouae7xe8tbco.jpg\" alt=\"camp4\" \/><\/figure><\/div><div class=\"swiper-slide\" role=\"group\" aria-roledescription=\"slide\" aria-label=\"5 sur 18\"><figure class=\"swiper-slide-inner\"><img decoding=\"async\" class=\"swiper-slide-image\" src=\"https:\/\/www.campvelo.cz\/wp-content\/uploads\/elementor\/thumbs\/Obrazek14-q2dztrzvrwfiyf7irrmhe94yacawt5b0jf7rcvpdbs.jpg\" alt=\"Obr\u00e1zek14\" \/><\/figure><\/div><div class=\"swiper-slide\" role=\"group\" aria-roledescription=\"slide\" aria-label=\"6 sur 18\"><figure class=\"swiper-slide-inner\"><img decoding=\"async\" class=\"swiper-slide-image\" src=\"https:\/\/www.campvelo.cz\/wp-content\/uploads\/elementor\/thumbs\/Obrazek13-q2dztrzvrwfiyf7irrmhe94yacawt5b0jf7rcvpdbs.jpg\" alt=\"Obr\u00e1zek13\" \/><\/figure><\/div><div class=\"swiper-slide\" role=\"group\" aria-roledescription=\"slide\" aria-label=\"7 sur 18\"><figure class=\"swiper-slide-inner\"><img decoding=\"async\" class=\"swiper-slide-image\" src=\"https:\/\/www.campvelo.cz\/wp-content\/uploads\/elementor\/thumbs\/zamek-scaled-q2dztwp2q2lykh0p0bnm8py999nqvmto82h6r9iego.jpg\" alt=\"zamek\" \/><\/figure><\/div><div class=\"swiper-slide\" role=\"group\" aria-roledescription=\"slide\" aria-label=\"8 sur 18\"><figure class=\"swiper-slide-inner\"><img decoding=\"async\" class=\"swiper-slide-image\" src=\"https:\/\/www.campvelo.cz\/wp-content\/uploads\/elementor\/thumbs\/Obrazek12-q2dzu0gfher3uwv8eda4ip03mt57qf8lkl34odctrs.jpg\" alt=\"Obr\u00e1zek12\" \/><\/figure><\/div><div class=\"swiper-slide\" role=\"group\" aria-roledescription=\"slide\" aria-label=\"9 sur 18\"><figure class=\"swiper-slide-inner\"><img decoding=\"async\" class=\"swiper-slide-image\" src=\"https:\/\/www.campvelo.cz\/wp-content\/uploads\/elementor\/thumbs\/bitov-q2dzttvk5ki3ln4sgsfqj8nvh41n8jih7oiqbfmkzc.jpg\" alt=\"bitov\" \/><\/figure><\/div><div class=\"swiper-slide\" role=\"group\" aria-roledescription=\"slide\" aria-label=\"10 sur 18\"><figure class=\"swiper-slide-inner\"><img decoding=\"async\" class=\"swiper-slide-image\" src=\"https:\/\/www.campvelo.cz\/wp-content\/uploads\/elementor\/thumbs\/Obrazek10-q2dzu1e9o8se6itv8vor36rk870ky4cbwpqm5nbflk.jpg\" alt=\"Obr\u00e1zek10\" \/><\/figure><\/div><div class=\"swiper-slide\" role=\"group\" aria-roledescription=\"slide\" aria-label=\"11 sur 18\"><figure class=\"swiper-slide-inner\"><img decoding=\"async\" class=\"swiper-slide-image\" src=\"https:\/\/www.campvelo.cz\/wp-content\/uploads\/elementor\/thumbs\/Obrazek9-q2dzu2c3v2toi4si3e3dnoj0tkvy5tg28ue3mxa1fc.jpg\" alt=\"Obr\u00e1zek9\" \/><\/figure><\/div><div class=\"swiper-slide\" role=\"group\" aria-roledescription=\"slide\" aria-label=\"12 sur 18\"><figure class=\"swiper-slide-inner\"><img decoding=\"async\" class=\"swiper-slide-image\" src=\"https:\/\/www.campvelo.cz\/wp-content\/uploads\/elementor\/thumbs\/Obrazek8-q2dzu39y1wuytqr4xwi086aheyrbdijskz1l478n94.jpg\" alt=\"Obr\u00e1zek8\" \/><\/figure><\/div><div class=\"swiper-slide\" role=\"group\" aria-roledescription=\"slide\" aria-label=\"13 sur 18\"><figure class=\"swiper-slide-inner\"><img decoding=\"async\" class=\"swiper-slide-image\" src=\"https:\/\/www.campvelo.cz\/wp-content\/uploads\/elementor\/thumbs\/Obrazek7-q2dzu47s8qw95cprsewmso1y0cmol7nix3p2lh792w.jpg\" alt=\"Obr\u00e1zek7\" \/><\/figure><\/div><div class=\"swiper-slide\" role=\"group\" aria-roledescription=\"slide\" aria-label=\"14 sur 18\"><figure class=\"swiper-slide-inner\"><img decoding=\"async\" class=\"swiper-slide-image\" src=\"https:\/\/www.campvelo.cz\/wp-content\/uploads\/elementor\/thumbs\/Obrazek6-q2dzu63gmeytskn1hfpvxnkv74df0luzld01k14gqg.jpg\" alt=\"Obr\u00e1zek6\" \/><\/figure><\/div><div class=\"swiper-slide\" role=\"group\" aria-roledescription=\"slide\" aria-label=\"15 sur 18\"><figure class=\"swiper-slide-inner\"><img decoding=\"async\" class=\"swiper-slide-image\" src=\"https:\/\/www.campvelo.cz\/wp-content\/uploads\/elementor\/thumbs\/Obrazek5-q2dzu7z5031efskb6gj52n3sdw45g02g9mb0il1oe0.jpg\" alt=\"Obr\u00e1zek5\" \/><\/figure><\/div><div class=\"swiper-slide\" role=\"group\" aria-roledescription=\"slide\" aria-label=\"16 sur 18\"><figure class=\"swiper-slide-inner\"><img decoding=\"async\" class=\"swiper-slide-image\" src=\"https:\/\/www.campvelo.cz\/wp-content\/uploads\/elementor\/thumbs\/Obrazek4-q2dzu9utdr3z30hkvhce7mmpknuvve9wxvlzh4yw1k.jpg\" alt=\"Obr\u00e1zek4\" \/><\/figure><\/div><div class=\"swiper-slide\" role=\"group\" aria-roledescription=\"slide\" aria-label=\"17 sur 18\"><figure class=\"swiper-slide-inner\"><img decoding=\"async\" class=\"swiper-slide-image\" src=\"https:\/\/www.campvelo.cz\/wp-content\/uploads\/elementor\/thumbs\/Obrazek3-q2dzu9utdr3z30hkvhce7mmpknuvve9wxvlzh4yw1k.jpg\" alt=\"Obr\u00e1zek3\" \/><\/figure><\/div><div class=\"swiper-slide\" role=\"group\" aria-roledescription=\"slide\" aria-label=\"18 sur 18\"><figure class=\"swiper-slide-inner\"><img decoding=\"async\" class=\"swiper-slide-image\" src=\"https:\/\/www.campvelo.cz\/wp-content\/uploads\/elementor\/thumbs\/vratenin1-q2dzubqhrf6jq8euki5ncm5mrflmashdm4wyfow3p4.jpg\" alt=\"vratenin1\" \/><\/figure><\/div>\t\t\t<\/div>\n\t\t\t\t\t\t\t\t\t\t\t\t<div class=\"elementor-swiper-button elementor-swiper-button-prev\" role=\"button\" tabindex=\"0\">\n\t\t\t\t\t\t<i aria-hidden=\"true\" class=\"eicon-chevron-left\"><\/i>\t\t\t\t\t<\/div>\n\t\t\t\t\t<div class=\"elementor-swiper-button elementor-swiper-button-next\" role=\"button\" tabindex=\"0\">\n\t\t\t\t\t\t<i aria-hidden=\"true\" class=\"eicon-chevron-right\"><\/i>\t\t\t\t\t<\/div>\n\t\t\t\t\n\t\t\t\t\t\t\t\t\t<div class=\"swiper-pagination\"><\/div>\n\t\t\t\t\t\t\t\t\t<\/div>\n\t\t\t\t\t\t<\/div>\n\t\t\t\t<\/div>\n\t\t\t\t\t<\/div>\n\t\t<\/div>\n\t\t\t\t\t<\/div>\n\t\t<\/section>\n\t\t\t\t<\/div>\n\t\t","protected":false},"excerpt":{"rendered":"<p>Nous vous souhaitons la bienvenue dans notre nouveau camping familial, con\u00e7u pour les loisirs ou simplement pour une nuit\u00e9e pour les cyclistes ou motocyclistes en voyage. Il y a beaucoup d&rsquo;espace pour les voyageurs avec une petite tente, des tentes plus grandes pour les vacances en famille, des caravanes et des camping-cars. https:\/\/www.campvelo.cz\/wp-content\/uploads\/2024\/04\/campvelo720.mp4 Vous y [&hellip;]<\/p>\n","protected":false},"author":1,"featured_media":0,"parent":0,"menu_order":0,"comment_status":"closed","ping_status":"closed","template":"","meta":{"_acf_changed":false,"footnotes":""},"class_list":["post-1298","page","type-page","status-publish","hentry"],"acf":[],"_links":{"self":[{"href":"https:\/\/www.campvelo.cz\/fr\/wp-json\/wp\/v2\/pages\/1298","targetHints":{"allow":["GET"]}}],"collection":[{"href":"https:\/\/www.campvelo.cz\/fr\/wp-json\/wp\/v2\/pages"}],"about":[{"href":"https:\/\/www.campvelo.cz\/fr\/wp-json\/wp\/v2\/types\/page"}],"author":[{"embeddable":true,"href":"https:\/\/www.campvelo.cz\/fr\/wp-json\/wp\/v2\/users\/1"}],"replies":[{"embeddable":true,"href":"https:\/\/www.campvelo.cz\/fr\/wp-json\/wp\/v2\/comments?post=1298"}],"version-history":[{"count":4,"href":"https:\/\/www.campvelo.cz\/fr\/wp-json\/wp\/v2\/pages\/1298\/revisions"}],"predecessor-version":[{"id":1411,"href":"https:\/\/www.campvelo.cz\/fr\/wp-json\/wp\/v2\/pages\/1298\/revisions\/1411"}],"wp:attachment":[{"href":"https:\/\/www.campvelo.cz\/fr\/wp-json\/wp\/v2\/media?parent=1298"}],"curies":[{"name":"wp","href":"https:\/\/api.w.org\/{rel}","templated":true}]}}